{"id":1336,"date":"2023-03-13T00:35:26","date_gmt":"2023-03-12T23:35:26","guid":{"rendered":"https:\/\/rodentech.be\/desinfection\/"},"modified":"2026-02-06T09:34:14","modified_gmt":"2026-02-06T08:34:14","slug":"desinfection","status":"publish","type":"page","link":"https:\/\/rodentech.be\/nl\/desinfection\/","title":{"rendered":"Desinfectie"},"content":{"rendered":"\t\t<div data-elementor-type=\"wp-page\" data-elementor-id=\"1336\" class=\"elementor elementor-1336 elementor-203\" data-elementor-post-type=\"page\">\n\t\t\t\t\t\t<section class=\"elementor-section elementor-top-section elementor-element elementor-element-6e8b6a1f animated-slow elementor-section-boxed elementor-section-height-default elementor-section-height-default elementor-invisible\" data-id=\"6e8b6a1f\" data-element_type=\"section\" data-e-type=\"section\" data-settings=\"{&quot;background_background&quot;:&quot;classic&quot;,&quot;animation&quot;:&quot;bounceInLeft&quot;}\">\n\t\t\t\t\t\t\t<div class=\"elementor-background-overlay\"><\/div>\n\t\t\t\t\t\t\t<div class=\"elementor-container elementor-column-gap-default\">\n\t\t\t\t\t<div class=\"elementor-column elementor-col-100 elementor-top-column elementor-element elementor-element-2933ea8b\" data-id=\"2933ea8b\" data-element_type=\"column\" data-e-type=\"column\">\n\t\t\t<div class=\"elementor-widget-wrap elementor-element-populated\">\n\t\t\t\t\t\t<div class=\"elementor-element elementor-element-4c5feadf elementor-widget elementor-widget-heading\" data-id=\"4c5feadf\" data-element_type=\"widget\" data-e-type=\"widget\" data-widget_type=\"heading.default\">\n\t\t\t\t<div class=\"elementor-widget-container\">\n\t\t\t\t\t<h1 class=\"elementor-heading-title elementor-size-default\">Desinfectie<\/h1>\t\t\t\t<\/div>\n\t\t\t\t<\/div>\n\t\t\t\t\t<\/div>\n\t\t<\/div>\n\t\t\t\t\t<\/div>\n\t\t<\/section>\n\t\t\t\t<section class=\"elementor-section elementor-top-section elementor-element elementor-element-3b66cbab elementor-section-boxed elementor-section-height-default elementor-section-height-default\" data-id=\"3b66cbab\" data-element_type=\"section\" data-e-type=\"section\">\n\t\t\t\t\t\t<div class=\"elementor-container elementor-column-gap-default\">\n\t\t\t\t\t<div class=\"elementor-column elementor-col-33 elementor-top-column elementor-element elementor-element-2c7d7422 sticky-parent\" data-id=\"2c7d7422\" data-element_type=\"column\" data-e-type=\"column\">\n\t\t\t<div class=\"elementor-widget-wrap elementor-element-populated\">\n\t\t\t\t\t\t<div class=\"elementor-element elementor-element-59b8e85a elementor-align-justify elementor-widget elementor-widget-button\" data-id=\"59b8e85a\" data-element_type=\"widget\" data-e-type=\"widget\" data-widget_type=\"button.default\">\n\t\t\t\t<div class=\"elementor-widget-container\">\n\t\t\t\t\t\t\t\t\t<div class=\"elementor-button-wrapper\">\n\t\t\t\t\t<a class=\"elementor-button elementor-button-link elementor-size-md\" href=\"https:\/\/rodentech.be\/nl\/deratisation\/\">\n\t\t\t\t\t\t<span class=\"elementor-button-content-wrapper\">\n\t\t\t\t\t\t\t\t\t<span class=\"elementor-button-text\">Rattenbestrijding <\/span>\n\t\t\t\t\t<\/span>\n\t\t\t\t\t<\/a>\n\t\t\t\t<\/div>\n\t\t\t\t\t\t\t\t<\/div>\n\t\t\t\t<\/div>\n\t\t\t\t<div class=\"elementor-element elementor-element-6fed7fc6 elementor-align-justify elementor-widget elementor-widget-button\" data-id=\"6fed7fc6\" data-element_type=\"widget\" data-e-type=\"widget\" data-widget_type=\"button.default\">\n\t\t\t\t<div class=\"elementor-widget-container\">\n\t\t\t\t\t\t\t\t\t<div class=\"elementor-button-wrapper\">\n\t\t\t\t\t<a class=\"elementor-button elementor-button-link elementor-size-md\" href=\"https:\/\/rodentech.be\/nl\/desinsectisation\/\">\n\t\t\t\t\t\t<span class=\"elementor-button-content-wrapper\">\n\t\t\t\t\t\t\t\t\t<span class=\"elementor-button-text\">Insectenbestrijding<\/span>\n\t\t\t\t\t<\/span>\n\t\t\t\t\t<\/a>\n\t\t\t\t<\/div>\n\t\t\t\t\t\t\t\t<\/div>\n\t\t\t\t<\/div>\n\t\t\t\t<div class=\"elementor-element elementor-element-520fbb42 elementor-align-justify elementor-widget elementor-widget-button\" data-id=\"520fbb42\" data-element_type=\"widget\" data-e-type=\"widget\" data-widget_type=\"button.default\">\n\t\t\t\t<div class=\"elementor-widget-container\">\n\t\t\t\t\t\t\t\t\t<div class=\"elementor-button-wrapper\">\n\t\t\t\t\t<a class=\"elementor-button elementor-button-link elementor-size-md\" href=\"https:\/\/rodentech.be\/nl\/desinfection\/\">\n\t\t\t\t\t\t<span class=\"elementor-button-content-wrapper\">\n\t\t\t\t\t\t\t\t\t<span class=\"elementor-button-text\">Desinfectie<\/span>\n\t\t\t\t\t<\/span>\n\t\t\t\t\t<\/a>\n\t\t\t\t<\/div>\n\t\t\t\t\t\t\t\t<\/div>\n\t\t\t\t<\/div>\n\t\t\t\t<section class=\"elementor-section elementor-inner-section elementor-element elementor-element-bcf3599 sticky-column elementor-section-boxed elementor-section-height-default elementor-section-height-default\" data-id=\"bcf3599\" data-element_type=\"section\" data-e-type=\"section\" data-settings=\"{&quot;background_background&quot;:&quot;classic&quot;}\">\n\t\t\t\t\t\t<div class=\"elementor-container elementor-column-gap-default\">\n\t\t\t\t\t<div class=\"elementor-column elementor-col-100 elementor-inner-column elementor-element elementor-element-2a0e9ae0\" data-id=\"2a0e9ae0\" data-element_type=\"column\" data-e-type=\"column\">\n\t\t\t<div class=\"elementor-widget-wrap elementor-element-populated\">\n\t\t\t\t\t\t<div class=\"elementor-element elementor-element-121d9e1b elementor-widget elementor-widget-heading\" data-id=\"121d9e1b\" data-element_type=\"widget\" data-e-type=\"widget\" data-widget_type=\"heading.default\">\n\t\t\t\t<div class=\"elementor-widget-container\">\n\t\t\t\t\t<h3 class=\"elementor-heading-title elementor-size-default\">Snel een interventie nodig<\/h3>\t\t\t\t<\/div>\n\t\t\t\t<\/div>\n\t\t\t\t<div class=\"elementor-element elementor-element-6702da30 elementor-widget elementor-widget-text-editor\" data-id=\"6702da30\" data-element_type=\"widget\" data-e-type=\"widget\" data-widget_type=\"text-editor.default\">\n\t\t\t\t<div class=\"elementor-widget-container\">\n\t\t\t\t\t\t\t\t\t<p>Als expert met 25 jaar ervaring, opereert Rodentech overal in Belgi\u00eb voor gezonde en veilige leef- en werkruimtes.<\/p>\t\t\t\t\t\t\t\t<\/div>\n\t\t\t\t<\/div>\n\t\t\t\t<div class=\"elementor-element elementor-element-d76cd1b elementor-widget elementor-widget-button\" data-id=\"d76cd1b\" data-element_type=\"widget\" data-e-type=\"widget\" data-widget_type=\"button.default\">\n\t\t\t\t<div class=\"elementor-widget-container\">\n\t\t\t\t\t\t\t\t\t<div class=\"elementor-button-wrapper\">\n\t\t\t\t\t<a class=\"elementor-button elementor-button-link elementor-size-sm\" href=\"https:\/\/rodentech.be\/nl\/contact\/\">\n\t\t\t\t\t\t<span class=\"elementor-button-content-wrapper\">\n\t\t\t\t\t\t<span class=\"elementor-button-icon\">\n\t\t\t\t<i aria-hidden=\"true\" class=\"icon icon-phone-call\"><\/i>\t\t\t<\/span>\n\t\t\t\t\t\t\t\t\t<span class=\"elementor-button-text\">Neem contact met ons op<\/span>\n\t\t\t\t\t<\/span>\n\t\t\t\t\t<\/a>\n\t\t\t\t<\/div>\n\t\t\t\t\t\t\t\t<\/div>\n\t\t\t\t<\/div>\n\t\t\t\t\t<\/div>\n\t\t<\/div>\n\t\t\t\t\t<\/div>\n\t\t<\/section>\n\t\t\t\t\t<\/div>\n\t\t<\/div>\n\t\t\t\t<div class=\"elementor-column elementor-col-66 elementor-top-column elementor-element elementor-element-488eadf6\" data-id=\"488eadf6\" data-element_type=\"column\" data-e-type=\"column\">\n\t\t\t<div class=\"elementor-widget-wrap elementor-element-populated\">\n\t\t\t\t\t\t<div class=\"elementor-element elementor-element-43fa8715 elementor-widget elementor-widget-image\" data-id=\"43fa8715\" data-element_type=\"widget\" data-e-type=\"widget\" data-widget_type=\"image.default\">\n\t\t\t\t<div class=\"elementor-widget-container\">\n\t\t\t\t\t\t\t\t\t\t\t\t\t\t\t<img decoding=\"async\" src=\"https:\/\/rodentech.be\/wp-content\/uploads\/2023\/03\/full-shot-people-hazmat-suit-cleaning.jpg\" class=\"attachment-full size-full wp-image-1224\" alt=\"Rodentech - Entreprise de D\u00e9ratisation, D\u00e9sinsectisation et D\u00e9sinfection\" title=\"Rodentech | D\u00e9ratisation, d\u00e9sinsectisation &amp; d\u00e9sinfection\">\t\t\t\t\t\t\t\t\t\t\t\t\t\t\t<\/div>\n\t\t\t\t<\/div>\n\t\t\t\t<div class=\"elementor-element elementor-element-44218acb elementor-widget elementor-widget-heading\" data-id=\"44218acb\" data-element_type=\"widget\" data-e-type=\"widget\" data-widget_type=\"heading.default\">\n\t\t\t\t<div class=\"elementor-widget-container\">\n\t\t\t\t\t<h2 class=\"elementor-heading-title elementor-size-default\">Laat uw ruimtes desinfecteren door onze professionele teams<\/h2>\t\t\t\t<\/div>\n\t\t\t\t<\/div>\n\t\t\t\t<div class=\"elementor-element elementor-element-7a6f669a elementor-widget elementor-widget-text-editor\" data-id=\"7a6f669a\" data-element_type=\"widget\" data-e-type=\"widget\" data-widget_type=\"text-editor.default\">\n\t\t\t\t<div class=\"elementor-widget-container\">\n\t\t\t\t\t\t\t\t\t<p data-start=\"151\" data-end=\"258\"><strong data-start=\"151\" data-end=\"256\">Rodentech is een bedrijf dat gespecialiseerd is in het desinfecteren van woningen en bedrijfsruimtes.<\/strong><\/p><p data-start=\"260\" data-end=\"322\">Ons team gebruikt gecertificeerde en goedgekeurde producten.<\/p><p data-start=\"324\" data-end=\"471\">Onze experts kiezen de producten op basis van het pathogene doel, de aard van de te behandelen oppervlakken en het chemische risico voor de mens.<\/p><p data-start=\"473\" data-end=\"517\"><strong data-start=\"473\" data-end=\"515\">Rodentech voert desinfecties uit voor:<\/strong><\/p><ul data-start=\"518\" data-end=\"723\"><li data-start=\"518\" data-end=\"586\"><p data-start=\"520\" data-end=\"586\">Bedrijfsruimtes: kantoren, fabrieken, restaurants, scholen, enz.<\/p><\/li><li data-start=\"587\" data-end=\"612\"><p data-start=\"589\" data-end=\"612\">Onhygi\u00ebnische ruimtes<\/p><\/li><li data-start=\"613\" data-end=\"658\"><p data-start=\"615\" data-end=\"658\">Woningen: appartementen, huizen, gebouwen<\/p><\/li><li data-start=\"659\" data-end=\"683\"><p data-start=\"661\" data-end=\"683\">Na een ziekteperiode<\/p><\/li><li data-start=\"684\" data-end=\"723\"><p data-start=\"686\" data-end=\"723\">Vuilnisruimtes of containerlocaties<\/p><\/li><\/ul><p data-start=\"725\" data-end=\"776\"><strong data-start=\"725\" data-end=\"774\">Maak een ruimte gezond dankzij onze expertise<\/strong><\/p><p data-start=\"778\" data-end=\"1132\">Ons bedrijf biedt een breed scala aan zeer effectieve oplossingen tegen de verspreiding van pathogenen, microben en virussen. Wij zetten al onze menselijke en materi\u00eble middelen in om resultaten te garanderen die aan al uw verwachtingen voldoen. Profiteer van onze knowhow op het gebied van desinfectie dankzij onze ultramoderne methoden en technieken.<\/p><p data-start=\"1134\" data-end=\"1320\">Ons bedrijf beschikt over het juiste materiaal voor luchtdesinfectie, effectief tegen alle soorten virussen (waaronder COVID-19), maar ook tegen bacteri\u00ebn, gisten, sporen en schimmels.<\/p><p data-start=\"1322\" data-end=\"1387\"><strong data-start=\"1322\" data-end=\"1385\">Maak gebruik van onze diensten voor een snelle interventie.<\/strong><\/p><p data-start=\"1389\" data-end=\"1457\">Neem contact met ons op en ontvang onmiddellijk uw gratis offerte.<\/p><p data-start=\"1459\" data-end=\"1608\">Ons team voert desinfectiewerkzaamheden uit op alle oppervlakken die met de handen in aanraking komen, zoals deurklinken, ramen en vaste telefoons.<\/p><p data-start=\"1610\" data-end=\"1762\">Desinfectie betreft ook alle textiel dat de verspreiding van bacteri\u00ebn of mijten kan bevorderen, zoals tapijten, vloerkleden, vitrage, gordijnen, enz.<\/p><p data-start=\"1764\" data-end=\"1852\">Wij voeren een grondige analyse van uw aanvraag uit en bieden u een oplossing op maat.<\/p>\t\t\t\t\t\t\t\t<\/div>\n\t\t\t\t<\/div>\n\t\t\t\t<div class=\"elementor-element elementor-element-7a8ab7b1 elementor-widget elementor-widget-button\" data-id=\"7a8ab7b1\" data-element_type=\"widget\" data-e-type=\"widget\" data-widget_type=\"button.default\">\n\t\t\t\t<div class=\"elementor-widget-container\">\n\t\t\t\t\t\t\t\t\t<div class=\"elementor-button-wrapper\">\n\t\t\t\t\t<a class=\"elementor-button elementor-button-link elementor-size-sm\" href=\"https:\/\/rodentech.be\/nl\/contact\/\">\n\t\t\t\t\t\t<span class=\"elementor-button-content-wrapper\">\n\t\t\t\t\t\t<span class=\"elementor-button-icon\">\n\t\t\t\t<i aria-hidden=\"true\" class=\"icon icon-phone-call\"><\/i>\t\t\t<\/span>\n\t\t\t\t\t\t\t\t\t<span class=\"elementor-button-text\">Neem contact met ons op<\/span>\n\t\t\t\t\t<\/span>\n\t\t\t\t\t<\/a>\n\t\t\t\t<\/div>\n\t\t\t\t\t\t\t\t<\/div>\n\t\t\t\t<\/div>\n\t\t\t\t\t<\/div>\n\t\t<\/div>\n\t\t\t\t\t<\/div>\n\t\t<\/section>\n\t\t\t\t<\/div>\n\t\t","protected":false},"excerpt":{"rendered":"<p>Desinfectie Rattenbestrijding Insectenbestrijding Desinfectie Snel een interventie nodig Als expert met 25 jaar ervaring, opereert Rodentech overal in Belgi\u00eb voor gezonde en veilige leef- en werkruimtes. Neem contact met ons op Laat uw ruimtes desinfecteren door onze professionele teams Rodentech is een bedrijf dat gespecialiseerd is in het desinfecteren van woningen en bedrijfsruimtes. Ons team&hellip; <a class=\"more-link\" href=\"https:\/\/rodentech.be\/nl\/desinfection\/\">Lees verder <span class=\"screen-reader-text\">Desinfectie<\/span><\/a><\/p>\n","protected":false},"author":2,"featured_media":0,"parent":0,"menu_order":0,"comment_status":"closed","ping_status":"closed","template":"elementor_header_footer","meta":{"inline_featured_image":false,"footnotes":""},"class_list":["post-1336","page","type-page","status-publish","hentry","entry"],"_links":{"self":[{"href":"https:\/\/rodentech.be\/nl\/wp-json\/wp\/v2\/pages\/1336","targetHints":{"allow":["GET"]}}],"collection":[{"href":"https:\/\/rodentech.be\/nl\/wp-json\/wp\/v2\/pages"}],"about":[{"href":"https:\/\/rodentech.be\/nl\/wp-json\/wp\/v2\/types\/page"}],"author":[{"embeddable":true,"href":"https:\/\/rodentech.be\/nl\/wp-json\/wp\/v2\/users\/2"}],"replies":[{"embeddable":true,"href":"https:\/\/rodentech.be\/nl\/wp-json\/wp\/v2\/comments?post=1336"}],"version-history":[{"count":8,"href":"https:\/\/rodentech.be\/nl\/wp-json\/wp\/v2\/pages\/1336\/revisions"}],"predecessor-version":[{"id":1971,"href":"https:\/\/rodentech.be\/nl\/wp-json\/wp\/v2\/pages\/1336\/revisions\/1971"}],"wp:attachment":[{"href":"https:\/\/rodentech.be\/nl\/wp-json\/wp\/v2\/media?parent=1336"}],"curies":[{"name":"wp","href":"https:\/\/api.w.org\/{rel}","templated":true}]}}