{"id":1326,"date":"2023-03-13T00:29:23","date_gmt":"2023-03-12T23:29:23","guid":{"rendered":"https:\/\/rodentech.be\/desinsectisation\/"},"modified":"2026-02-06T09:39:34","modified_gmt":"2026-02-06T08:39:34","slug":"desinsectisation","status":"publish","type":"page","link":"https:\/\/rodentech.be\/nl\/desinsectisation\/","title":{"rendered":"Insectenbestrijding"},"content":{"rendered":"\t\t<div data-elementor-type=\"wp-page\" data-elementor-id=\"1326\" class=\"elementor elementor-1326 elementor-185\" data-elementor-post-type=\"page\">\n\t\t\t\t\t\t<section class=\"elementor-section elementor-top-section elementor-element elementor-element-6e8b6a1f elementor-section-boxed elementor-section-height-default elementor-section-height-default elementor-invisible\" data-id=\"6e8b6a1f\" data-element_type=\"section\" data-e-type=\"section\" data-settings=\"{&quot;background_background&quot;:&quot;classic&quot;,&quot;animation&quot;:&quot;slideInLeft&quot;}\">\n\t\t\t\t\t\t\t<div class=\"elementor-background-overlay\"><\/div>\n\t\t\t\t\t\t\t<div class=\"elementor-container elementor-column-gap-default\">\n\t\t\t\t\t<div class=\"elementor-column elementor-col-100 elementor-top-column elementor-element elementor-element-2933ea8b\" data-id=\"2933ea8b\" data-element_type=\"column\" data-e-type=\"column\">\n\t\t\t<div class=\"elementor-widget-wrap elementor-element-populated\">\n\t\t\t\t\t\t<div class=\"elementor-element elementor-element-4c5feadf elementor-widget elementor-widget-heading\" data-id=\"4c5feadf\" data-element_type=\"widget\" data-e-type=\"widget\" data-widget_type=\"heading.default\">\n\t\t\t\t<div class=\"elementor-widget-container\">\n\t\t\t\t\t<h1 class=\"elementor-heading-title elementor-size-default\">Insectenbestrijding<\/h1>\t\t\t\t<\/div>\n\t\t\t\t<\/div>\n\t\t\t\t\t<\/div>\n\t\t<\/div>\n\t\t\t\t\t<\/div>\n\t\t<\/section>\n\t\t\t\t<section class=\"elementor-section elementor-inner-section elementor-element elementor-element-1528a25d elementor-section-full_width elementor-section-height-default elementor-section-height-default\" data-id=\"1528a25d\" data-element_type=\"section\" data-e-type=\"section\">\n\t\t\t\t\t\t<div class=\"elementor-container elementor-column-gap-wider\">\n\t\t\t\t\t<div class=\"elementor-column elementor-col-100 elementor-inner-column elementor-element elementor-element-5da9bb03\" data-id=\"5da9bb03\" data-element_type=\"column\" data-e-type=\"column\">\n\t\t\t<div class=\"elementor-widget-wrap\">\n\t\t\t\t\t\t\t<\/div>\n\t\t<\/div>\n\t\t\t\t\t<\/div>\n\t\t<\/section>\n\t\t\t\t<section class=\"elementor-section elementor-top-section elementor-element elementor-element-3b66cbab elementor-section-boxed elementor-section-height-default elementor-section-height-default\" data-id=\"3b66cbab\" data-element_type=\"section\" data-e-type=\"section\">\n\t\t\t\t\t\t<div class=\"elementor-container elementor-column-gap-default\">\n\t\t\t\t\t<div class=\"elementor-column elementor-col-33 elementor-top-column elementor-element elementor-element-2c7d7422 sticky-parent\" data-id=\"2c7d7422\" data-element_type=\"column\" data-e-type=\"column\">\n\t\t\t<div class=\"elementor-widget-wrap elementor-element-populated\">\n\t\t\t\t\t\t<div class=\"elementor-element elementor-element-59b8e85a elementor-align-justify elementor-widget elementor-widget-button\" data-id=\"59b8e85a\" data-element_type=\"widget\" data-e-type=\"widget\" data-widget_type=\"button.default\">\n\t\t\t\t<div class=\"elementor-widget-container\">\n\t\t\t\t\t\t\t\t\t<div class=\"elementor-button-wrapper\">\n\t\t\t\t\t<a class=\"elementor-button elementor-button-link elementor-size-md\" href=\"https:\/\/rodentech.be\/deratisation\/\">\n\t\t\t\t\t\t<span class=\"elementor-button-content-wrapper\">\n\t\t\t\t\t\t\t\t\t<span class=\"elementor-button-text\">Rattenbestrijding <\/span>\n\t\t\t\t\t<\/span>\n\t\t\t\t\t<\/a>\n\t\t\t\t<\/div>\n\t\t\t\t\t\t\t\t<\/div>\n\t\t\t\t<\/div>\n\t\t\t\t<div class=\"elementor-element elementor-element-6fed7fc6 elementor-align-justify elementor-widget elementor-widget-button\" data-id=\"6fed7fc6\" data-element_type=\"widget\" data-e-type=\"widget\" data-widget_type=\"button.default\">\n\t\t\t\t<div class=\"elementor-widget-container\">\n\t\t\t\t\t\t\t\t\t<div class=\"elementor-button-wrapper\">\n\t\t\t\t\t<a class=\"elementor-button elementor-button-link elementor-size-md\" href=\"https:\/\/rodentech.be\/desinsectisation\/\">\n\t\t\t\t\t\t<span class=\"elementor-button-content-wrapper\">\n\t\t\t\t\t\t\t\t\t<span class=\"elementor-button-text\">Insectenbestrijding<\/span>\n\t\t\t\t\t<\/span>\n\t\t\t\t\t<\/a>\n\t\t\t\t<\/div>\n\t\t\t\t\t\t\t\t<\/div>\n\t\t\t\t<\/div>\n\t\t\t\t<div class=\"elementor-element elementor-element-520fbb42 elementor-align-justify elementor-widget elementor-widget-button\" data-id=\"520fbb42\" data-element_type=\"widget\" data-e-type=\"widget\" data-widget_type=\"button.default\">\n\t\t\t\t<div class=\"elementor-widget-container\">\n\t\t\t\t\t\t\t\t\t<div class=\"elementor-button-wrapper\">\n\t\t\t\t\t<a class=\"elementor-button elementor-button-link elementor-size-md\" href=\"https:\/\/rodentech.be\/desinfection\/\">\n\t\t\t\t\t\t<span class=\"elementor-button-content-wrapper\">\n\t\t\t\t\t\t\t\t\t<span class=\"elementor-button-text\">Desinfectie<\/span>\n\t\t\t\t\t<\/span>\n\t\t\t\t\t<\/a>\n\t\t\t\t<\/div>\n\t\t\t\t\t\t\t\t<\/div>\n\t\t\t\t<\/div>\n\t\t\t\t<section class=\"elementor-section elementor-inner-section elementor-element elementor-element-bcf3599 sticky-column elementor-section-boxed elementor-section-height-default elementor-section-height-default\" data-id=\"bcf3599\" data-element_type=\"section\" data-e-type=\"section\" data-settings=\"{&quot;background_background&quot;:&quot;classic&quot;}\">\n\t\t\t\t\t\t<div class=\"elementor-container elementor-column-gap-default\">\n\t\t\t\t\t<div class=\"elementor-column elementor-col-100 elementor-inner-column elementor-element elementor-element-2a0e9ae0\" data-id=\"2a0e9ae0\" data-element_type=\"column\" data-e-type=\"column\">\n\t\t\t<div class=\"elementor-widget-wrap elementor-element-populated\">\n\t\t\t\t\t\t<div class=\"elementor-element elementor-element-121d9e1b elementor-widget elementor-widget-heading\" data-id=\"121d9e1b\" data-element_type=\"widget\" data-e-type=\"widget\" data-widget_type=\"heading.default\">\n\t\t\t\t<div class=\"elementor-widget-container\">\n\t\t\t\t\t<h3 class=\"elementor-heading-title elementor-size-default\">Snel een interventie nodig<\/h3>\t\t\t\t<\/div>\n\t\t\t\t<\/div>\n\t\t\t\t<div class=\"elementor-element elementor-element-6702da30 elementor-widget elementor-widget-text-editor\" data-id=\"6702da30\" data-element_type=\"widget\" data-e-type=\"widget\" data-widget_type=\"text-editor.default\">\n\t\t\t\t<div class=\"elementor-widget-container\">\n\t\t\t\t\t\t\t\t\t<p>Als expert met 25 jaar ervaring, opereert Rodentech overal in Belgi\u00eb voor gezonde en veilige leef- en werkruimtes<\/p>\t\t\t\t\t\t\t\t<\/div>\n\t\t\t\t<\/div>\n\t\t\t\t<div class=\"elementor-element elementor-element-7a8ab7b1 elementor-widget elementor-widget-button\" data-id=\"7a8ab7b1\" data-element_type=\"widget\" data-e-type=\"widget\" data-widget_type=\"button.default\">\n\t\t\t\t<div class=\"elementor-widget-container\">\n\t\t\t\t\t\t\t\t\t<div class=\"elementor-button-wrapper\">\n\t\t\t\t\t<a class=\"elementor-button elementor-button-link elementor-size-sm\" href=\"https:\/\/rodentech.be\/contact\">\n\t\t\t\t\t\t<span class=\"elementor-button-content-wrapper\">\n\t\t\t\t\t\t<span class=\"elementor-button-icon\">\n\t\t\t\t<i aria-hidden=\"true\" class=\"icon icon-phone-call\"><\/i>\t\t\t<\/span>\n\t\t\t\t\t\t\t\t\t<span class=\"elementor-button-text\">Neem contact met ons op<\/span>\n\t\t\t\t\t<\/span>\n\t\t\t\t\t<\/a>\n\t\t\t\t<\/div>\n\t\t\t\t\t\t\t\t<\/div>\n\t\t\t\t<\/div>\n\t\t\t\t\t<\/div>\n\t\t<\/div>\n\t\t\t\t\t<\/div>\n\t\t<\/section>\n\t\t\t\t\t<\/div>\n\t\t<\/div>\n\t\t\t\t<div class=\"elementor-column elementor-col-66 elementor-top-column elementor-element elementor-element-488eadf6\" data-id=\"488eadf6\" data-element_type=\"column\" data-e-type=\"column\">\n\t\t\t<div class=\"elementor-widget-wrap elementor-element-populated\">\n\t\t\t\t\t\t<div class=\"elementor-element elementor-element-43fa8715 elementor-widget elementor-widget-image\" data-id=\"43fa8715\" data-element_type=\"widget\" data-e-type=\"widget\" data-widget_type=\"image.default\">\n\t\t\t\t<div class=\"elementor-widget-container\">\n\t\t\t\t\t\t\t\t\t\t\t\t\t\t\t<img fetchpriority=\"high\" decoding=\"async\" width=\"2560\" height=\"1707\" src=\"https:\/\/rodentech.be\/wp-content\/uploads\/2023\/03\/cafard-rouge-fait-maison-interieur-salle-bain-rampant-sol-infestation-insectes-interieur-manque-hygiene-scaled.jpg\" class=\"attachment-full size-full wp-image-1222\" alt=\"Rodentech - Entreprise de D\u00e9ratisation, D\u00e9sinsectisation et D\u00e9sinfection\" srcset=\"https:\/\/rodentech.be\/wp-content\/uploads\/2023\/03\/cafard-rouge-fait-maison-interieur-salle-bain-rampant-sol-infestation-insectes-interieur-manque-hygiene-scaled.jpg 2560w, https:\/\/rodentech.be\/wp-content\/uploads\/2023\/03\/cafard-rouge-fait-maison-interieur-salle-bain-rampant-sol-infestation-insectes-interieur-manque-hygiene-300x200.jpg 300w, https:\/\/rodentech.be\/wp-content\/uploads\/2023\/03\/cafard-rouge-fait-maison-interieur-salle-bain-rampant-sol-infestation-insectes-interieur-manque-hygiene-1024x683.jpg 1024w, https:\/\/rodentech.be\/wp-content\/uploads\/2023\/03\/cafard-rouge-fait-maison-interieur-salle-bain-rampant-sol-infestation-insectes-interieur-manque-hygiene-768x512.jpg 768w, https:\/\/rodentech.be\/wp-content\/uploads\/2023\/03\/cafard-rouge-fait-maison-interieur-salle-bain-rampant-sol-infestation-insectes-interieur-manque-hygiene-1536x1024.jpg 1536w, https:\/\/rodentech.be\/wp-content\/uploads\/2023\/03\/cafard-rouge-fait-maison-interieur-salle-bain-rampant-sol-infestation-insectes-interieur-manque-hygiene-2048x1365.jpg 2048w, https:\/\/rodentech.be\/wp-content\/uploads\/2023\/03\/cafard-rouge-fait-maison-interieur-salle-bain-rampant-sol-infestation-insectes-interieur-manque-hygiene-1568x1045.jpg 1568w\" sizes=\"(max-width: 2560px) 100vw, 2560px\" style=\"width:100%;height:66.68%;max-width:2560px\" title=\"Rodentech | D\u00e9ratisation, d\u00e9sinsectisation &amp; d\u00e9sinfection\">\t\t\t\t\t\t\t\t\t\t\t\t\t\t\t<\/div>\n\t\t\t\t<\/div>\n\t\t\t\t<div class=\"elementor-element elementor-element-44218acb elementor-widget elementor-widget-heading\" data-id=\"44218acb\" data-element_type=\"widget\" data-e-type=\"widget\" data-widget_type=\"heading.default\">\n\t\t\t\t<div class=\"elementor-widget-container\">\n\t\t\t\t\t<h2 class=\"elementor-heading-title elementor-size-default\">De insectenbestrijdingsspecialisten in Brussel<\/h2>\t\t\t\t<\/div>\n\t\t\t\t<\/div>\n\t\t\t\t<div class=\"elementor-element elementor-element-7a6f669a elementor-widget elementor-widget-text-editor\" data-id=\"7a6f669a\" data-element_type=\"widget\" data-e-type=\"widget\" data-widget_type=\"text-editor.default\">\n\t\t\t\t<div class=\"elementor-widget-container\">\n\t\t\t\t\t\t\t\t\t<p data-start=\"150\" data-end=\"196\"><strong data-start=\"150\" data-end=\"194\">Radicale behandelingen tegen plaagdieren<\/strong><\/p><p data-start=\"198\" data-end=\"249\">Heeft u kakkerlakken in uw appartement of kelder?<\/p><p data-start=\"251\" data-end=\"311\">Heeft u een zwerm horzels of wespen in uw garage gevonden?<\/p><p data-start=\"313\" data-end=\"382\">Heeft u een grote aanwezigheid van mieren in uw magazijn opgemerkt?<\/p><p data-start=\"384\" data-end=\"423\">Wilt u van een insectenplaag afkomen?<\/p><p data-start=\"425\" data-end=\"442\"><strong data-start=\"425\" data-end=\"440\">Bel ons nu!<\/strong><\/p><p data-start=\"444\" data-end=\"512\">Rodentech garandeert een snelle interventie, binnen 24 tot 48 uur.<\/p><p data-start=\"514\" data-end=\"542\"><strong data-start=\"514\" data-end=\"540\">Kom van plaagdieren af<\/strong><\/p><p data-start=\"544\" data-end=\"813\">Bij insectenbestrijding is het belangrijk om snel te handelen om de verspreiding van plaagdieren te voorkomen en uw veiligheid te waarborgen. Ze dragen vaak veel ziektekiemen en microben met zich mee. Hoe sneller u ze bestrijdt, hoe sneller u rust in uw hoofd krijgt.<\/p><p data-start=\"815\" data-end=\"1098\">Wij bieden snelle, effectieve en niet schadelijke behandelingen voor uw gezin en huisdieren. Wij behandelen uw volledige leef- of werkruimte, van vloer tot plafond. Elke spleet en elk gaatje wordt ge\u00efnspecteerd om u een perfecte behandeling onder alle omstandigheden te garanderen.<\/p><p data-start=\"1100\" data-end=\"1171\">Rodentech biedt een volledige service voor permanente uitroeiing met:<\/p><ul data-start=\"1172\" data-end=\"1468\"><li data-start=\"1172\" data-end=\"1225\"><p data-start=\"1174\" data-end=\"1225\">Detectie van de toegangspunten van uw plaagdieren<\/p><\/li><li data-start=\"1226\" data-end=\"1309\"><p data-start=\"1228\" data-end=\"1309\">Bespuiting met een aangepast insecticide dat niet schadelijk is voor het milieu<\/p><\/li><li data-start=\"1310\" data-end=\"1372\"><p data-start=\"1312\" data-end=\"1372\">Gebruik van gel voor kakkerlakken om de nesten te bereiken<\/p><\/li><li data-start=\"1373\" data-end=\"1403\"><p data-start=\"1375\" data-end=\"1403\">Behandeling door fumigatie<\/p><\/li><li data-start=\"1404\" data-end=\"1468\"><p data-start=\"1406\" data-end=\"1468\">Implementatie van een protocol om herbesmetting te voorkomen<\/p><\/li><\/ul>\t\t\t\t\t\t\t\t<\/div>\n\t\t\t\t<\/div>\n\t\t\t\t<div class=\"elementor-element elementor-element-38780791 elementor-widget elementor-widget-heading\" data-id=\"38780791\" data-element_type=\"widget\" data-e-type=\"widget\" data-widget_type=\"heading.default\">\n\t\t\t\t<div class=\"elementor-widget-container\">\n\t\t\t\t\t<h3 class=\"elementor-heading-title elementor-size-default\">Waarom een professional inschakelen om bedwantsen te bestrijden?<\/h3>\t\t\t\t<\/div>\n\t\t\t\t<\/div>\n\t\t\t\t<div class=\"elementor-element elementor-element-664ecf06 elementor-widget elementor-widget-text-editor\" data-id=\"664ecf06\" data-element_type=\"widget\" data-e-type=\"widget\" data-widget_type=\"text-editor.default\">\n\t\t\t\t<div class=\"elementor-widget-container\">\n\t\t\t\t\t\t\t\t\t<p data-start=\"145\" data-end=\"207\"><strong data-start=\"145\" data-end=\"205\">Bedwantsen zijn een soort die zich zeer snel voortplant.<\/strong><\/p><p data-start=\"209\" data-end=\"287\">Om ze effectief te bestrijden is een professionele behandeling noodzakelijk.<\/p><p data-start=\"289\" data-end=\"422\">De eerste stap is het opstellen van een nauwkeurige diagnose om de ruimte te onderzoeken en te zien waar de insecten zich bevinden.<\/p><p data-start=\"424\" data-end=\"526\">Onze experts kunnen vervolgens verschillende oplossingen voorstellen om de bedwantsen uit te roeien.<\/p><p data-start=\"528\" data-end=\"773\">De meest gebruikte methode blijft de chemische behandeling met insecticide. Er bestaat ook een biologische methode waarbij natuurlijke vijanden van de bedwantsen worden ingezet, of een microbiologische methode in de vorm van insecticidepoeder.<\/p><p data-start=\"775\" data-end=\"915\">Welke behandelmethode ons team ook toepast, de preventie- en actiecriteria voldoen altijd aan de veiligheidsvoorschriften en milieunormen.<\/p><p data-start=\"917\" data-end=\"1083\">Een actieplan dat aansluit bij uw behoeften, samen met een gepersonaliseerde opvolging, wordt opgesteld om een volledige uitroeiing van de bedwantsen te garanderen.<\/p>\t\t\t\t\t\t\t\t<\/div>\n\t\t\t\t<\/div>\n\t\t\t\t<div class=\"elementor-element elementor-element-d178c22 elementor-widget elementor-widget-heading\" data-id=\"d178c22\" data-element_type=\"widget\" data-e-type=\"widget\" data-widget_type=\"heading.default\">\n\t\t\t\t<div class=\"elementor-widget-container\">\n\t\t\t\t\t<h3 class=\"elementor-heading-title elementor-size-default\">Hoe voedingsmotten en kledingmotten uitroeien?<\/h3>\t\t\t\t<\/div>\n\t\t\t\t<\/div>\n\t\t\t\t<div class=\"elementor-element elementor-element-4e69e695 elementor-widget elementor-widget-text-editor\" data-id=\"4e69e695\" data-element_type=\"widget\" data-e-type=\"widget\" data-widget_type=\"text-editor.default\">\n\t\t\t\t<div class=\"elementor-widget-container\">\n\t\t\t\t\t\t\t\t\t<p data-start=\"104\" data-end=\"174\"><strong data-start=\"104\" data-end=\"172\">Er bestaan twee soorten motten: de voedingsmot en de kledingmot.<\/strong><\/p><p data-start=\"176\" data-end=\"281\">De eerste valt uw voedsel aan. U vindt dit type plaagdier dus terug in de zones waar u voedsel bewaart.<\/p><p data-start=\"283\" data-end=\"443\">De tweede soort insecten beschadigt kleding en alle producten die textielvezels bevatten. Deze plaagdieren verstoppen zich overal: in kasten, laden, tapijten\u2026<\/p><p data-start=\"445\" data-end=\"557\">Zodra u hun aanwezigheid opmerkt, laat ze dan bestrijden door professionals om de beste resultaten te behalen.<\/p><hr data-start=\"559\" data-end=\"562\" \/>\t\t\t\t\t\t\t\t<\/div>\n\t\t\t\t<\/div>\n\t\t\t\t<div class=\"elementor-element elementor-element-5fae32f elementor-widget elementor-widget-heading\" data-id=\"5fae32f\" data-element_type=\"widget\" data-e-type=\"widget\" data-widget_type=\"heading.default\">\n\t\t\t\t<div class=\"elementor-widget-container\">\n\t\t\t\t\t<h3 class=\"elementor-heading-title elementor-size-default\">Vlooienplaag: handel snel!<\/h3>\t\t\t\t<\/div>\n\t\t\t\t<\/div>\n\t\t\t\t<div class=\"elementor-element elementor-element-3c20a61 elementor-widget elementor-widget-text-editor\" data-id=\"3c20a61\" data-element_type=\"widget\" data-e-type=\"widget\" data-widget_type=\"text-editor.default\">\n\t\t\t\t<div class=\"elementor-widget-container\">\n\t\t\t\t\t\t\t\t\t<p data-start=\"128\" data-end=\"160\"><strong data-start=\"128\" data-end=\"158\">Vlooienplaag: handel snel!<\/strong><\/p><p data-start=\"162\" data-end=\"402\">De vlo is een parasitair insect dat in nauw contact met zijn gastheer leeft. Hij voedt zich met het bloed van vogels en zoogdieren. De aanwezigheid van vlooien in huis moet serieus worden genomen. Het risico op een massale plaag is re\u00ebel.<\/p><p data-start=\"404\" data-end=\"540\">Een vrouwtje kan tot 50 eieren per dag leggen. De eieren blijven niet op de vacht van uw huisdier, maar vallen vrijwel overal in huis.<\/p><p data-start=\"542\" data-end=\"697\">Een vlooienplaag is een ware nachtmerrie. Schakel de hulp in van een professioneel ongediertebestrijdingsbedrijf om effectief tegen vlooien op te treden.<\/p><p data-start=\"699\" data-end=\"741\"><strong data-start=\"699\" data-end=\"739\">Hoe bereidt u onze interventie voor?<\/strong><\/p><ul data-start=\"743\" data-end=\"1264\"><li data-start=\"743\" data-end=\"847\"><p data-start=\"745\" data-end=\"847\">Voor onze interventie vragen wij u al uw keukenkasten, uw voorraadkast en uw badkamer leeg te maken.<\/p><\/li><li data-start=\"848\" data-end=\"912\"><p data-start=\"850\" data-end=\"912\">Plaats uw producten in luchtdichte dozen of kartonnen dozen.<\/p><\/li><li data-start=\"913\" data-end=\"1011\"><p data-start=\"915\" data-end=\"1011\">Indien mogelijk, verplaats uw koelkast, wasmachine of fornuis zodat wij snel kunnen ingrijpen.<\/p><\/li><li data-start=\"1012\" data-end=\"1159\"><p data-start=\"1014\" data-end=\"1159\">Het belangrijkste is dat voedsel, kruimels en andere resten worden verwijderd. Zonder voedsel zullen de insecten zich minder snel voortplanten.<\/p><\/li><li data-start=\"1160\" data-end=\"1264\"><p data-start=\"1162\" data-end=\"1264\">Tijdens de ongediertebestrijding vragen wij u het pand te verlaten en al uw huisdieren mee te nemen.<\/p><\/li><\/ul><p data-start=\"1266\" data-end=\"1402\">Rodentech biedt zijn insectenbestrijdingsdiensten aan zodat u uw wooncomfort en een gezonde omgeving in heel Belgi\u00eb kunt terugkrijgen.<\/p>\t\t\t\t\t\t\t\t<\/div>\n\t\t\t\t<\/div>\n\t\t\t\t<div class=\"elementor-element elementor-element-21aaf8a elementor-widget elementor-widget-button\" data-id=\"21aaf8a\" data-element_type=\"widget\" data-e-type=\"widget\" data-widget_type=\"button.default\">\n\t\t\t\t<div class=\"elementor-widget-container\">\n\t\t\t\t\t\t\t\t\t<div class=\"elementor-button-wrapper\">\n\t\t\t\t\t<a class=\"elementor-button elementor-button-link elementor-size-sm\" href=\"https:\/\/rodentech.be\/contact\">\n\t\t\t\t\t\t<span class=\"elementor-button-content-wrapper\">\n\t\t\t\t\t\t\t\t\t<span class=\"elementor-button-text\">Neem contact met ons op<\/span>\n\t\t\t\t\t<\/span>\n\t\t\t\t\t<\/a>\n\t\t\t\t<\/div>\n\t\t\t\t\t\t\t\t<\/div>\n\t\t\t\t<\/div>\n\t\t\t\t\t<\/div>\n\t\t<\/div>\n\t\t\t\t\t<\/div>\n\t\t<\/section>\n\t\t\t\t<\/div>\n\t\t","protected":false},"excerpt":{"rendered":"<p>Insectenbestrijding Rattenbestrijding Insectenbestrijding Desinfectie Snel een interventie nodig Als expert met 25 jaar ervaring, opereert Rodentech overal in Belgi\u00eb voor gezonde en veilige leef- en werkruimtes Neem contact met ons op De insectenbestrijdingsspecialisten in Brussel Radicale behandelingen tegen plaagdieren Heeft u kakkerlakken in uw appartement of kelder? Heeft u een zwerm horzels of wespen in&hellip; <a class=\"more-link\" href=\"https:\/\/rodentech.be\/nl\/desinsectisation\/\">Lees verder <span class=\"screen-reader-text\">Insectenbestrijding<\/span><\/a><\/p>\n","protected":false},"author":2,"featured_media":0,"parent":0,"menu_order":0,"comment_status":"closed","ping_status":"closed","template":"elementor_header_footer","meta":{"inline_featured_image":false,"footnotes":""},"class_list":["post-1326","page","type-page","status-publish","hentry","entry"],"_links":{"self":[{"href":"https:\/\/rodentech.be\/nl\/wp-json\/wp\/v2\/pages\/1326","targetHints":{"allow":["GET"]}}],"collection":[{"href":"https:\/\/rodentech.be\/nl\/wp-json\/wp\/v2\/pages"}],"about":[{"href":"https:\/\/rodentech.be\/nl\/wp-json\/wp\/v2\/types\/page"}],"author":[{"embeddable":true,"href":"https:\/\/rodentech.be\/nl\/wp-json\/wp\/v2\/users\/2"}],"replies":[{"embeddable":true,"href":"https:\/\/rodentech.be\/nl\/wp-json\/wp\/v2\/comments?post=1326"}],"version-history":[{"count":21,"href":"https:\/\/rodentech.be\/nl\/wp-json\/wp\/v2\/pages\/1326\/revisions"}],"predecessor-version":[{"id":1975,"href":"https:\/\/rodentech.be\/nl\/wp-json\/wp\/v2\/pages\/1326\/revisions\/1975"}],"wp:attachment":[{"href":"https:\/\/rodentech.be\/nl\/wp-json\/wp\/v2\/media?parent=1326"}],"curies":[{"name":"wp","href":"https:\/\/api.w.org\/{rel}","templated":true}]}}