{"id":1327,"date":"2023-03-13T00:29:23","date_gmt":"2023-03-12T23:29:23","guid":{"rendered":"https:\/\/rodentech.be\/desinsectisation\/"},"modified":"2023-03-16T14:25:12","modified_gmt":"2023-03-16T13:25:12","slug":"desinsectisation","status":"publish","type":"page","link":"https:\/\/rodentech.be\/en\/desinsectisation\/","title":{"rendered":"Insect control"},"content":{"rendered":"\t\t<div data-elementor-type=\"wp-page\" data-elementor-id=\"1327\" class=\"elementor elementor-1327 elementor-185\" data-elementor-post-type=\"page\">\n\t\t\t\t\t\t<section class=\"elementor-section elementor-top-section elementor-element elementor-element-6e8b6a1f elementor-section-boxed elementor-section-height-default elementor-section-height-default elementor-invisible\" data-id=\"6e8b6a1f\" data-element_type=\"section\" data-e-type=\"section\" data-settings=\"{&quot;background_background&quot;:&quot;classic&quot;,&quot;animation&quot;:&quot;slideInLeft&quot;}\">\n\t\t\t\t\t\t\t<div class=\"elementor-background-overlay\"><\/div>\n\t\t\t\t\t\t\t<div class=\"elementor-container elementor-column-gap-default\">\n\t\t\t\t\t<div class=\"elementor-column elementor-col-100 elementor-top-column elementor-element elementor-element-2933ea8b\" data-id=\"2933ea8b\" data-element_type=\"column\" data-e-type=\"column\">\n\t\t\t<div class=\"elementor-widget-wrap elementor-element-populated\">\n\t\t\t\t\t\t<div class=\"elementor-element elementor-element-4c5feadf elementor-widget elementor-widget-heading\" data-id=\"4c5feadf\" data-element_type=\"widget\" data-e-type=\"widget\" data-widget_type=\"heading.default\">\n\t\t\t\t<div class=\"elementor-widget-container\">\n\t\t\t\t\t<h1 class=\"elementor-heading-title elementor-size-default\">Insect control<\/h1>\t\t\t\t<\/div>\n\t\t\t\t<\/div>\n\t\t\t\t\t<\/div>\n\t\t<\/div>\n\t\t\t\t\t<\/div>\n\t\t<\/section>\n\t\t\t\t<section class=\"elementor-section elementor-top-section elementor-element elementor-element-3b66cbab elementor-section-boxed elementor-section-height-default elementor-section-height-default\" data-id=\"3b66cbab\" data-element_type=\"section\" data-e-type=\"section\">\n\t\t\t\t\t\t<div class=\"elementor-container elementor-column-gap-default\">\n\t\t\t\t\t<div class=\"elementor-column elementor-col-33 elementor-top-column elementor-element elementor-element-2c7d7422 sticky-parent\" data-id=\"2c7d7422\" data-element_type=\"column\" data-e-type=\"column\">\n\t\t\t<div class=\"elementor-widget-wrap elementor-element-populated\">\n\t\t\t\t\t\t<div class=\"elementor-element elementor-element-59b8e85a elementor-align-justify elementor-widget elementor-widget-button\" data-id=\"59b8e85a\" data-element_type=\"widget\" data-e-type=\"widget\" data-widget_type=\"button.default\">\n\t\t\t\t<div class=\"elementor-widget-container\">\n\t\t\t\t\t\t\t\t\t<div class=\"elementor-button-wrapper\">\n\t\t\t\t\t<a class=\"elementor-button elementor-button-link elementor-size-md\" href=\"https:\/\/rodentech.be\/en\/deratisation\/\">\n\t\t\t\t\t\t<span class=\"elementor-button-content-wrapper\">\n\t\t\t\t\t\t\t\t\t<span class=\"elementor-button-text\">Pest control <\/span>\n\t\t\t\t\t<\/span>\n\t\t\t\t\t<\/a>\n\t\t\t\t<\/div>\n\t\t\t\t\t\t\t\t<\/div>\n\t\t\t\t<\/div>\n\t\t\t\t<div class=\"elementor-element elementor-element-6fed7fc6 elementor-align-justify elementor-widget elementor-widget-button\" data-id=\"6fed7fc6\" data-element_type=\"widget\" data-e-type=\"widget\" data-widget_type=\"button.default\">\n\t\t\t\t<div class=\"elementor-widget-container\">\n\t\t\t\t\t\t\t\t\t<div class=\"elementor-button-wrapper\">\n\t\t\t\t\t<a class=\"elementor-button elementor-button-link elementor-size-md\" href=\"https:\/\/rodentech.be\/en\/desinsectisation\/\">\n\t\t\t\t\t\t<span class=\"elementor-button-content-wrapper\">\n\t\t\t\t\t\t\t\t\t<span class=\"elementor-button-text\">Insect control<\/span>\n\t\t\t\t\t<\/span>\n\t\t\t\t\t<\/a>\n\t\t\t\t<\/div>\n\t\t\t\t\t\t\t\t<\/div>\n\t\t\t\t<\/div>\n\t\t\t\t<div class=\"elementor-element elementor-element-7a8ab7b1 elementor-widget elementor-widget-button\" data-id=\"7a8ab7b1\" data-element_type=\"widget\" data-e-type=\"widget\" data-widget_type=\"button.default\">\n\t\t\t\t<div class=\"elementor-widget-container\">\n\t\t\t\t\t\t\t\t\t<div class=\"elementor-button-wrapper\">\n\t\t\t\t\t<a class=\"elementor-button elementor-button-link elementor-size-sm\" href=\"https:\/\/rodentech.be\/en\/contact\">\n\t\t\t\t\t\t<span class=\"elementor-button-content-wrapper\">\n\t\t\t\t\t\t<span class=\"elementor-button-icon\">\n\t\t\t\t<i aria-hidden=\"true\" class=\"icon icon-phone-call\"><\/i>\t\t\t<\/span>\n\t\t\t\t\t\t\t\t\t<span class=\"elementor-button-text\">Contact us <\/span>\n\t\t\t\t\t<\/span>\n\t\t\t\t\t<\/a>\n\t\t\t\t<\/div>\n\t\t\t\t\t\t\t\t<\/div>\n\t\t\t\t<\/div>\n\t\t\t\t<div class=\"elementor-element elementor-element-520fbb42 elementor-align-justify elementor-widget elementor-widget-button\" data-id=\"520fbb42\" data-element_type=\"widget\" data-e-type=\"widget\" data-widget_type=\"button.default\">\n\t\t\t\t<div class=\"elementor-widget-container\">\n\t\t\t\t\t\t\t\t\t<div class=\"elementor-button-wrapper\">\n\t\t\t\t\t<a class=\"elementor-button elementor-button-link elementor-size-md\" href=\"https:\/\/rodentech.be\/en\/desinfection\/\">\n\t\t\t\t\t\t<span class=\"elementor-button-content-wrapper\">\n\t\t\t\t\t\t\t\t\t<span class=\"elementor-button-text\">Disinfection<\/span>\n\t\t\t\t\t<\/span>\n\t\t\t\t\t<\/a>\n\t\t\t\t<\/div>\n\t\t\t\t\t\t\t\t<\/div>\n\t\t\t\t<\/div>\n\t\t\t\t<section class=\"elementor-section elementor-inner-section elementor-element elementor-element-bcf3599 sticky-column elementor-section-boxed elementor-section-height-default elementor-section-height-default\" data-id=\"bcf3599\" data-element_type=\"section\" data-e-type=\"section\" data-settings=\"{&quot;background_background&quot;:&quot;classic&quot;}\">\n\t\t\t\t\t\t<div class=\"elementor-container elementor-column-gap-default\">\n\t\t\t\t\t<div class=\"elementor-column elementor-col-100 elementor-inner-column elementor-element elementor-element-2a0e9ae0\" data-id=\"2a0e9ae0\" data-element_type=\"column\" data-e-type=\"column\">\n\t\t\t<div class=\"elementor-widget-wrap elementor-element-populated\">\n\t\t\t\t\t\t<div class=\"elementor-element elementor-element-121d9e1b elementor-widget elementor-widget-heading\" data-id=\"121d9e1b\" data-element_type=\"widget\" data-e-type=\"widget\" data-widget_type=\"heading.default\">\n\t\t\t\t<div class=\"elementor-widget-container\">\n\t\t\t\t\t<h3 class=\"elementor-heading-title elementor-size-default\">Need an intervention as soon as possible<\/h3>\t\t\t\t<\/div>\n\t\t\t\t<\/div>\n\t\t\t\t<div class=\"elementor-element elementor-element-6702da30 elementor-widget elementor-widget-text-editor\" data-id=\"6702da30\" data-element_type=\"widget\" data-e-type=\"widget\" data-widget_type=\"text-editor.default\">\n\t\t\t\t<div class=\"elementor-widget-container\">\n\t\t\t\t\t\t\t\t\t<p>For 25 years, Rodentech has been an expert in providing safe and healthy living and working environments throughout Belgium<\/p>\t\t\t\t\t\t\t\t<\/div>\n\t\t\t\t<\/div>\n\t\t\t\t\t<\/div>\n\t\t<\/div>\n\t\t\t\t\t<\/div>\n\t\t<\/section>\n\t\t\t\t\t<\/div>\n\t\t<\/div>\n\t\t\t\t<div class=\"elementor-column elementor-col-66 elementor-top-column elementor-element elementor-element-488eadf6\" data-id=\"488eadf6\" data-element_type=\"column\" data-e-type=\"column\">\n\t\t\t<div class=\"elementor-widget-wrap elementor-element-populated\">\n\t\t\t\t\t\t<div class=\"elementor-element elementor-element-43fa8715 elementor-widget elementor-widget-image\" data-id=\"43fa8715\" data-element_type=\"widget\" data-e-type=\"widget\" data-widget_type=\"image.default\">\n\t\t\t\t<div class=\"elementor-widget-container\">\n\t\t\t\t\t\t\t\t\t\t\t\t\t\t\t<img fetchpriority=\"high\" decoding=\"async\" width=\"2560\" height=\"1707\" src=\"https:\/\/rodentech.be\/wp-content\/uploads\/2023\/03\/cafard-rouge-fait-maison-interieur-salle-bain-rampant-sol-infestation-insectes-interieur-manque-hygiene-scaled.jpg\" class=\"attachment-full size-full wp-image-333\" alt=\"Rodentech - Entreprise de D\u00e9ratisation, D\u00e9sinsectisation et D\u00e9sinfection\" srcset=\"https:\/\/rodentech.be\/wp-content\/uploads\/2023\/03\/cafard-rouge-fait-maison-interieur-salle-bain-rampant-sol-infestation-insectes-interieur-manque-hygiene-scaled.jpg 2560w, https:\/\/rodentech.be\/wp-content\/uploads\/2023\/03\/cafard-rouge-fait-maison-interieur-salle-bain-rampant-sol-infestation-insectes-interieur-manque-hygiene-300x200.jpg 300w, https:\/\/rodentech.be\/wp-content\/uploads\/2023\/03\/cafard-rouge-fait-maison-interieur-salle-bain-rampant-sol-infestation-insectes-interieur-manque-hygiene-1024x683.jpg 1024w, https:\/\/rodentech.be\/wp-content\/uploads\/2023\/03\/cafard-rouge-fait-maison-interieur-salle-bain-rampant-sol-infestation-insectes-interieur-manque-hygiene-768x512.jpg 768w, https:\/\/rodentech.be\/wp-content\/uploads\/2023\/03\/cafard-rouge-fait-maison-interieur-salle-bain-rampant-sol-infestation-insectes-interieur-manque-hygiene-1536x1024.jpg 1536w, https:\/\/rodentech.be\/wp-content\/uploads\/2023\/03\/cafard-rouge-fait-maison-interieur-salle-bain-rampant-sol-infestation-insectes-interieur-manque-hygiene-2048x1365.jpg 2048w, https:\/\/rodentech.be\/wp-content\/uploads\/2023\/03\/cafard-rouge-fait-maison-interieur-salle-bain-rampant-sol-infestation-insectes-interieur-manque-hygiene-1568x1045.jpg 1568w\" sizes=\"(max-width: 2560px) 100vw, 2560px\" style=\"width:100%;height:66.68%;max-width:2560px\" title=\"Rodentech | D\u00e9ratisation, d\u00e9sinsectisation &amp; d\u00e9sinfection\">\t\t\t\t\t\t\t\t\t\t\t\t\t\t\t<\/div>\n\t\t\t\t<\/div>\n\t\t\t\t<div class=\"elementor-element elementor-element-44218acb elementor-widget elementor-widget-heading\" data-id=\"44218acb\" data-element_type=\"widget\" data-e-type=\"widget\" data-widget_type=\"heading.default\">\n\t\t\t\t<div class=\"elementor-widget-container\">\n\t\t\t\t\t<h2 class=\"elementor-heading-title elementor-size-default\">Pest control professionals in Brussels<\/h2>\t\t\t\t<\/div>\n\t\t\t\t<\/div>\n\t\t\t\t<div class=\"elementor-element elementor-element-7a6f669a elementor-widget elementor-widget-text-editor\" data-id=\"7a6f669a\" data-element_type=\"widget\" data-e-type=\"widget\" data-widget_type=\"text-editor.default\">\n\t\t\t\t<div class=\"elementor-widget-container\">\n\t\t\t\t\t\t\t\t\tRadical treatments against pests\n\nDo you have cockroaches in your apartment or basement?\n\nHave you found a swarm of hornets or wasps in your garage?\n\nHave you noticed the significant presence of ants in your warehouse?\n\nWant to get rid of an insect infestation?\n\nCall us now!\n\nRodentech guarantees you a quick intervention, between 24 and 48 hours.\n\nGet rid of pests\n\nDuring disinsectization, it is important to intervene quickly to avoid the proliferation of pests but also for your safety. They are often carriers of many germs and microbes. The sooner you get rid of it, the sooner you will have peace of mind.\n\nWe offer fast, effective and non-harmful treatments for your family and pets. We treat your entire living or working space, from floor to ceiling. Each crack, each hole is inspected in order to guarantee you a perfect treatment in all circumstances.\n\nRodentech offers a complete service for permanent extermination with:\n<ul>\n  <li>Detecting the entry points of your pests<\/li>\n  <li>Spraying with an appropriate insecticide that is not harmful to the environment<\/li>\n  <li>Using gel for cockroaches and cockroaches to reach nests<\/li>\n  <li>Fumigation treatment<\/li>\n  <li>Implementing a protocol to avoid a recurrence<\/li>\n<\/ul>\t\t\t\t\t\t\t\t<\/div>\n\t\t\t\t<\/div>\n\t\t\t\t<div class=\"elementor-element elementor-element-38780791 elementor-widget elementor-widget-heading\" data-id=\"38780791\" data-element_type=\"widget\" data-e-type=\"widget\" data-widget_type=\"heading.default\">\n\t\t\t\t<div class=\"elementor-widget-container\">\n\t\t\t\t\t<h3 class=\"elementor-heading-title elementor-size-default\">Why use a professional to get rid of bed bugs?<\/h3>\t\t\t\t<\/div>\n\t\t\t\t<\/div>\n\t\t\t\t<div class=\"elementor-element elementor-element-664ecf06 elementor-widget elementor-widget-text-editor\" data-id=\"664ecf06\" data-element_type=\"widget\" data-e-type=\"widget\" data-widget_type=\"text-editor.default\">\n\t\t\t\t<div class=\"elementor-widget-container\">\n\t\t\t\t\t\t\t\t\tThe bed bug is a species that develops very quickly.\n\nIn order to exterminate them effectively, a professional treatment is therefore necessary.\n\nThe first step is to establish a precise diagnosis in order to study the premises and see where the insects are located.\n\nThe experts will then be able to propose several solutions to exterminate the bed bugs.\n\nThe most common solution is the chemical process with the use of insecticide. There is also a biological method, which consists of using enemy insects that will naturally drive out bed bugs, or the microbiological method in the form of insecticide powder.\n\nWhichever treatment method our team uses, the prevention and action criteria will be in line with safety and environmental guidelines.\n\nA plan of action corresponding to your needs as well as a personalized follow-up will be set up for the complete eradication of bedbugs.\t\t\t\t\t\t\t\t<\/div>\n\t\t\t\t<\/div>\n\t\t\t\t<div class=\"elementor-element elementor-element-d178c22 elementor-widget elementor-widget-heading\" data-id=\"d178c22\" data-element_type=\"widget\" data-e-type=\"widget\" data-widget_type=\"heading.default\">\n\t\t\t\t<div class=\"elementor-widget-container\">\n\t\t\t\t\t<h3 class=\"elementor-heading-title elementor-size-default\">How do you get rid of food moths and textile moths? <\/h3>\t\t\t\t<\/div>\n\t\t\t\t<\/div>\n\t\t\t\t<div class=\"elementor-element elementor-element-4e69e695 elementor-widget elementor-widget-text-editor\" data-id=\"4e69e695\" data-element_type=\"widget\" data-e-type=\"widget\" data-widget_type=\"text-editor.default\">\n\t\t\t\t<div class=\"elementor-widget-container\">\n\t\t\t\t\t\t\t\t\t<p>There are two types of moths: the food moth and the textile moth. The first attacks your food. You will therefore find this type of pest in areas where you keep foodstuffs. The second type of insect damages clothing and all products containing textile fibres. These pests can be found everywhere: in cupboards, drawers, carpets, etc.<\/p><p>As soon as you have spotted their presence, exterminate them professionally for best results.<\/p>\t\t\t\t\t\t\t\t<\/div>\n\t\t\t\t<\/div>\n\t\t\t\t<div class=\"elementor-element elementor-element-5fae32f elementor-widget elementor-widget-heading\" data-id=\"5fae32f\" data-element_type=\"widget\" data-e-type=\"widget\" data-widget_type=\"heading.default\">\n\t\t\t\t<div class=\"elementor-widget-container\">\n\t\t\t\t\t<h3 class=\"elementor-heading-title elementor-size-default\">Invasion de puces : agissez rapidement ! <\/h3>\t\t\t\t<\/div>\n\t\t\t\t<\/div>\n\t\t\t\t<div class=\"elementor-element elementor-element-3c20a61 elementor-widget elementor-widget-text-editor\" data-id=\"3c20a61\" data-element_type=\"widget\" data-e-type=\"widget\" data-widget_type=\"text-editor.default\">\n\t\t\t\t<div class=\"elementor-widget-container\">\n\t\t\t\t\t\t\t\t\t<p>The flea is a parasitic insect that lives in close contact with its host. It feeds on the blood of birds and mammals. Its presence in the home should be taken seriously. There is a real risk of a massive invasion.<\/p><p>A female can lay up to 50 eggs per day. The eggs do not remain on your pet&#8217;s coat but fall almost everywhere in the house.<\/p><p>A flea infestation is a real nightmare. Seek the help of a pest control company to effectively combat fleas.<\/p><p>How do we prepare for our intervention?<\/p><p>Before our intervention, we ask you to empty all your kitchen cabinets, pantry and bathroom.<\/p><p>Place your products in airtight boxes or cartons.<\/p><p>If possible, bring your fridge, washing machine or gas cooker forward for a quick response from us.<\/p><p>The most important thing is to get rid of the food, crumbs and other remains. If the insects can no longer find food, they will not reproduce as quickly.<\/p><p>During the pest control, we ask you to leave the premises and take all your pets with you.<\/p><p>Rodentech offers you its pest control services so that you can regain your living comfort and a healthy environment throughout Belgium.<\/p>\t\t\t\t\t\t\t\t<\/div>\n\t\t\t\t<\/div>\n\t\t\t\t<div class=\"elementor-element elementor-element-21aaf8a elementor-widget elementor-widget-button\" data-id=\"21aaf8a\" data-element_type=\"widget\" data-e-type=\"widget\" data-widget_type=\"button.default\">\n\t\t\t\t<div class=\"elementor-widget-container\">\n\t\t\t\t\t\t\t\t\t<div class=\"elementor-button-wrapper\">\n\t\t\t\t\t<a class=\"elementor-button elementor-button-link elementor-size-sm\" href=\"https:\/\/rodentech.be\/en\/contact\">\n\t\t\t\t\t\t<span class=\"elementor-button-content-wrapper\">\n\t\t\t\t\t\t\t\t\t<span class=\"elementor-button-text\">Contact us <\/span>\n\t\t\t\t\t<\/span>\n\t\t\t\t\t<\/a>\n\t\t\t\t<\/div>\n\t\t\t\t\t\t\t\t<\/div>\n\t\t\t\t<\/div>\n\t\t\t\t\t<\/div>\n\t\t<\/div>\n\t\t\t\t\t<\/div>\n\t\t<\/section>\n\t\t\t\t<\/div>\n\t\t","protected":false},"excerpt":{"rendered":"<p>Insect control Pest control Insect control Contact us Disinfection Need an intervention as soon as possible For 25 years, Rodentech has been an expert in providing safe and healthy living and working environments throughout Belgium Pest control professionals in Brussels Radical treatments against pests Do you have cockroaches in your apartment or basement? Have you&hellip; <a class=\"more-link\" href=\"https:\/\/rodentech.be\/en\/desinsectisation\/\">Continue reading <span class=\"screen-reader-text\">Insect control<\/span><\/a><\/p>\n","protected":false},"author":2,"featured_media":0,"parent":0,"menu_order":0,"comment_status":"closed","ping_status":"closed","template":"elementor_header_footer","meta":{"inline_featured_image":false,"footnotes":""},"class_list":["post-1327","page","type-page","status-publish","hentry","entry"],"_links":{"self":[{"href":"https:\/\/rodentech.be\/en\/wp-json\/wp\/v2\/pages\/1327","targetHints":{"allow":["GET"]}}],"collection":[{"href":"https:\/\/rodentech.be\/en\/wp-json\/wp\/v2\/pages"}],"about":[{"href":"https:\/\/rodentech.be\/en\/wp-json\/wp\/v2\/types\/page"}],"author":[{"embeddable":true,"href":"https:\/\/rodentech.be\/en\/wp-json\/wp\/v2\/users\/2"}],"replies":[{"embeddable":true,"href":"https:\/\/rodentech.be\/en\/wp-json\/wp\/v2\/comments?post=1327"}],"version-history":[{"count":7,"href":"https:\/\/rodentech.be\/en\/wp-json\/wp\/v2\/pages\/1327\/revisions"}],"predecessor-version":[{"id":1418,"href":"https:\/\/rodentech.be\/en\/wp-json\/wp\/v2\/pages\/1327\/revisions\/1418"}],"wp:attachment":[{"href":"https:\/\/rodentech.be\/en\/wp-json\/wp\/v2\/media?parent=1327"}],"curies":[{"name":"wp","href":"https:\/\/api.w.org\/{rel}","templated":true}]}}